{"id":1572,"date":"2018-05-30T17:13:23","date_gmt":"2018-05-30T15:13:23","guid":{"rendered":"http:\/\/xxl-fen.de\/?page_id=1572"},"modified":"2018-05-30T17:37:03","modified_gmt":"2018-05-30T15:37:03","slug":"datenschutzerklaerung","status":"publish","type":"page","link":"https:\/\/xxl-fen.de\/?page_id=1572","title":{"rendered":"Datenschutzerkl\u00e4rung"},"content":{"rendered":"<div class=\"page-content\">\n<div class=\"gridContainer\">\n<div id=\"post-227\" class=\"post-227 page type-page status-publish hentry\">\n<div>\n<p><strong>Grundlegendes<\/strong><\/p>\n<p>Diese Datenschutzerkl\u00e4rung soll die Nutzer dieser Website \u00fcber die Art, den Umfang und den Zweck der Erhebung und Verwendung personenbezogener Daten durch den Websitebetreiber Matthias Schl\u00fcter\u00a0(Kontaktdaten siehe <a href=\"http:\/\/xxl-fen.de\/?page_id=236\">Impressum<\/a>) informieren.<\/p>\n<p>Der Websitebetreiber nimmt Ihren Datenschutz sehr ernst und behandelt Ihre personenbezogenen Daten vertraulich und entsprechend der gesetzlichen Vorschriften. Da durch neue Technologien und die st\u00e4ndige Weiterentwicklung dieser Webseite \u00c4nderungen an dieser Datenschutzerkl\u00e4rung vorgenommen werden k\u00f6nnen, empfehlen wir Ihnen sich die Datenschutzerkl\u00e4rung in regelm\u00e4\u00dfigen Abst\u00e4nden wieder durchzulesen.<\/p>\n<p>Definitionen der verwendeten Begriffe (z.B. \u201cpersonenbezogene Daten\u201d oder \u201cVerarbeitung\u201d) finden Sie in Art. 4 DSGVO.<\/p>\n<p>Die Nutzung unserer Webseite ist in der Regel ohne Angabe personenbezogener Daten m\u00f6glich. Soweit auf unseren Seiten personenbezogene Daten (beispielsweise Name, Anschrift oder E-Mail-Adressen) erhoben werden, erfolgt dies, soweit m\u00f6glich, stets auf freiwilliger Basis. Diese Daten werden ohne Ihre ausdr\u00fcckliche Zustimmung nicht an Dritte weitergegeben.<br \/>\nWir weisen darauf hin, dass die Daten\u00fcbertragung im Internet (z.B. bei der Kommunikation per E-Mail) Sicherheitsl\u00fccken aufweisen kann. Ein l\u00fcckenloser Schutz der Daten vor dem Zugriff durch Dritte ist nicht m\u00f6glich.<\/p>\n<p>&nbsp;<\/p>\n<p><strong>Zugriffsdaten<\/strong><\/p>\n<p>Wir, der Websitebetreiber bzw. Seitenprovider, erheben aufgrund unseres berechtigten Interesses (s. Art. 6 Abs. 1 lit. f. DSGVO) Daten \u00fcber Zugriffe auf die Website und speichern diese als \u201eServer-Logfiles\u201c auf dem Server der Website ab. Folgende Daten werden so protokolliert:<\/p>\n<p>\u2022 Besuchte Website<br \/>\n\u2022 Uhrzeit zum Zeitpunkt des Zugriffes<br \/>\n\u2022 Menge der gesendeten Daten in Byte<br \/>\n\u2022 Quelle\/Verweis, von welchem Sie auf die Seite gelangten<br \/>\n\u2022 Verwendeter Browser<br \/>\n\u2022 Verwendetes Betriebssystem<br \/>\n\u2022 Verwendete IP-Adresse<\/p>\n<p>Die Server-Logfiles werden f\u00fcr maximal 7 Tage gespeichert und anschlie\u00dfend gel\u00f6scht. Die Speicherung der Daten erfolgt aus Sicherheitsgr\u00fcnden, um z. B. Missbrauchsf\u00e4lle aufkl\u00e4ren zu k\u00f6nnen. M\u00fcssen Daten aus Beweisgr\u00fcnden aufgehoben werden, sind sie solange von der L\u00f6schung ausgenommen bis der Vorfall endg\u00fcltig gekl\u00e4rt ist.<\/p>\n<p><strong>Reichweitenmessung &amp; Cookies<\/strong><\/p>\n<p>Diese Website verwendet Cookies zur pseudonymisierten Reichweitenmessung, die entweder von unserem Server oder dem Server Dritter an den Browser des Nutzers \u00fcbertragen werden. Bei Cookies handelt es sich um kleine Dateien, welche auf Ihrem Endger\u00e4t gespeichert werden. Ihr Browser greift auf diese Dateien zu. Durch den Einsatz von Cookies erh\u00f6ht sich die Benutzerfreundlichkeit und Sicherheit dieser Website.<br \/>\nFalls Sie nicht m\u00f6chten, dass Cookies zur Reichweitenmessung auf Ihrem Endger\u00e4t gespeichert werden, k\u00f6nnen Sie dem Einsatz dieser Dateien hier widersprechen:<\/p>\n<p>\u2022 Cookie-Deaktivierungsseite der Netzwerkwerbeinitiative: http:\/\/optout.networkadvertising.org\/?c=1#!\/<br \/>\n\u2022 Cookie-Deaktivierungsseite der US-amerikanischen Website: http:\/\/optout.aboutads.info\/?c=2#!\/<br \/>\n\u2022 Cookie-Deaktivierungsseite der europ\u00e4ischen Website: http:\/\/optout.networkadvertising.org\/?c=1#!\/<\/p>\n<p>G\u00e4ngige Browser bieten die Einstellungsoption, Cookies nicht zuzulassen. Hinweis: Es ist nicht gew\u00e4hrleistet, dass Sie auf alle Funktionen dieser Website ohne Einschr\u00e4nkungen zugreifen k\u00f6nnen, wenn Sie entsprechende Einstellungen vornehmen.<\/p>\n<p><strong>Erfassung und Verarbeitung personenbezogener Daten<\/strong><\/p>\n<p>Der Websitebetreiber erhebt, nutzt und gibt Ihre personenbezogenen Daten nur dann weiter, wenn dies im gesetzlichen Rahmen erlaubt ist oder Sie in die Datenerhebung einwilligen.<br \/>\nAls personenbezogene Daten gelten s\u00e4mtliche Informationen, welche dazu dienen, Ihre Person zu bestimmen und welche zu Ihnen zur\u00fcckverfolgt werden k\u00f6nnen \u2013 also beispielsweise Ihr Name, Ihre E-Mail-Adresse und Telefonnummer.<\/p>\n<p>Diese Website k\u00f6nnen Sie auch besuchen, ohne Angaben zu Ihrer Person zu machen. Zur Verbesserung unseres Online-Angebotes speichern wir jedoch (ohne Personenbezug) Ihre Zugriffsdaten auf diese Website. Zu diesen Zugriffsdaten geh\u00f6ren z. B. die von Ihnen angeforderte Datei oder der Name Ihres Internet-Providers. Durch die Anonymisierung der Daten sind R\u00fcckschl\u00fcsse auf Ihre Person nicht m\u00f6glich.<\/p>\n<p>Wir verarbeiten personenbezogene Daten wie Vorname, Nachname, IP-Adresse, E-Mail-Adresse, Wohnort, Postleitzahl und Inhaltsangaben aus dem Kontaktformular.<br \/>\nWir verarbeiten personenbezogene Daten nur nach ausdr\u00fccklicher Erlaubnis der betreffenden Nutzer und unter Einhaltung der geltenden Datenschutzbestimmungen.<br \/>\nDie Verarbeitung der personenbezogenen Daten erfolgt aufgrund unseres berechtigten Interesses zur Erf\u00fcllung unserer vertraglich vereinbarten Leistungen und zur Optimierung unseres Online-Angebotes.<\/p>\n<p><strong>Umgang mit Kontaktdaten<\/strong><\/p>\n<p>Nehmen Sie mit uns als Websitebetreiber durch die angebotenen Kontaktm\u00f6glichkeiten Verbindung auf, werden Ihre Angaben gespeichert, damit auf diese zur Bearbeitung und Beantwortung Ihrer Anfrage zur\u00fcckgegriffen werden kann. Ohne Ihre Einwilligung werden diese Daten nicht an Dritte weitergegeben.<\/p>\n<p><strong>Umgang mit Kommentaren und Beitr\u00e4gen<\/strong><\/p>\n<p>Hinterlassen Sie auf dieser Website einen Beitrag oder Kommentar, wird Ihre IP-Adresse gespeichert. Dies erfolgt aufgrund unserer berechtigten Interessen im Sinne des Art. 6 Abs. 1 lit. f. DSGVO und dient der Sicherheit von uns als Websitebetreiber: Denn sollte Ihr Kommentar gegen geltendes Recht versto\u00dfen, k\u00f6nnen wir daf\u00fcr belangt werden, weshalb wir ein Interesse an der Identit\u00e4t des Kommentar- bzw. Beitragsautors haben.<\/p>\n<p>Rechte des Nutzers<\/p>\n<p>Sie haben als Nutzer das Recht, auf Antrag eine kostenlose Auskunft dar\u00fcber zu erhalten, welche personenbezogenen Daten \u00fcber Sie gespeichert wurden. Sie haben au\u00dferdem das Recht auf Berichtigung falscher Daten und auf die Verarbeitungseinschr\u00e4nkung oder L\u00f6schung Ihrer personenbezogenen Daten. Falls zutreffend, k\u00f6nnen Sie auch Ihr Recht auf Datenportabilit\u00e4t geltend machen. Sollten Sie annehmen, dass Ihre Daten unrechtm\u00e4\u00dfig verarbeitet wurden, k\u00f6nnen Sie eine Beschwerde bei der zust\u00e4ndigen Aufsichtsbeh\u00f6rde einreichen.<\/p>\n<p><strong>L\u00f6schung von Daten<\/strong><\/p>\n<p>Sofern Ihr Wunsch nicht mit einer gesetzlichen Pflicht zur Aufbewahrung von Daten (z. B. Vorratsdatenspeicherung) kollidiert, haben Sie ein Anrecht auf L\u00f6schung Ihrer Daten. Von uns gespeicherte Daten werden, sollten sie f\u00fcr ihre Zweckbestimmung nicht mehr vonn\u00f6ten sein und es keine gesetzlichen Aufbewahrungsfristen geben, gel\u00f6scht. Falls eine L\u00f6schung nicht durchgef\u00fchrt werden kann, da die Daten f\u00fcr zul\u00e4ssige gesetzliche Zwecke erforderlich sind, erfolgt eine Einschr\u00e4nkung der Datenverarbeitung. In diesem Fall werden die Daten gesperrt und nicht f\u00fcr andere Zwecke verarbeitet.<\/p>\n<p><strong>Widerspruchsrecht<\/strong><\/p>\n<p>Nutzer dieser Webseite k\u00f6nnen von ihrem Widerspruchsrecht Gebrauch machen und der Verarbeitung ihrer personenbezogenen Daten zu jeder Zeit widersprechen.<\/p>\n<p>Wenn Sie eine Berichtigung, Sperrung, L\u00f6schung oder Auskunft \u00fcber die zu Ihrer Person gespeicherten personenbezogenen Daten w\u00fcnschen oder Fragen bzgl. der Erhebung, Verarbeitung oder Verwendung Ihrer personenbezogenen Daten haben oder erteilte Einwilligungen widerrufen m\u00f6chten, wenden Sie sich bitte an Matthias Schl\u00fcter (Kontaktdaten siehe Impressum)<\/p>\n<p><strong>reCAPTCHA<\/strong><\/p>\n<p>Zum Schutz Ihrer Anfragen per Internetformular verwenden wir den Dienst reCAPTCHA des Unternehmens Google Inc. (Google). Die Abfrage dient der Unterscheidung, ob die Eingabe durch einen Menschen oder missbr\u00e4uchlich durch automatisierte, maschinelle Verarbeitung erfolgt. Die Abfrage schlie\u00dft den Versand der IP-Adresse und ggf. weiterer von Google f\u00fcr den Dienst reCAPTCHA ben\u00f6tigter Daten an Google ein. Zu diesem Zweck wird Ihre Eingabe an Google \u00fcbermittelt und dort weiter verwendet. Ihre IP-Adresse wird von Google jedoch innerhalb von Mitgliedstaaten der Europ\u00e4ischen Union oder in anderen Vertragsstaaten des Abkommens \u00fcber den Europ\u00e4ischen Wirtschaftsraum zuvor gek\u00fcrzt. Nur in Ausnahmef\u00e4llen wird die volle IP-Adresse an einen Server von Google in den USA \u00fcbertragen und dort gek\u00fcrzt. Im Auftrag des Betreibers dieser Website wird Google diese Informationen benutzen, um Ihre Nutzung dieses Dienstes auszuwerten. Die im Rahmen von reCaptcha von Ihrem Browser \u00fcbermittelte IP-Adresse wird nicht mit anderen Daten von Google zusammengef\u00fchrt. F\u00fcr diese Daten gelten die abweichenden Datenschutzbestimmungen des Unternehmens Google. Weitere Informationen zu den Datenschutzrichtlinien von Google finden Sie unter: https:\/\/policies.google.com\/privacy?hl=de<\/p>\n<p><strong>YouTube<\/strong><\/p>\n<p>Der Websitebetreiber hat auf dieser Internetseite Komponenten von YouTube integriert. YouTube ist ein Internet-Videoportal, dass Video-Publishern das kostenlose Einstellen von Videoclips und anderen Nutzern die ebenfalls kostenfreie Betrachtung, Bewertung und Kommentierung dieser erm\u00f6glicht. YouTube gestattet die Publikation aller Arten von Videos, weshalb sowohl komplette Film- und Fernsehsendungen, aber auch Musikvideos, Trailer oder von Nutzern selbst angefertigte Videos \u00fcber das Internetportal abrufbar sind.<\/p>\n<p>Betreibergesellschaft von YouTube ist die YouTube, LLC, 901 Cherry Ave., San Bruno, CA 94066, USA. Die YouTube, LLC ist einer Tochtergesellschaft der Google Inc., 1600 Amphitheatre Pkwy, Mountain View, CA 94043-1351, USA.<\/p>\n<p>Durch jeden Aufruf einer der Einzelseiten dieser Internetseite, auf welcher eine YouTube-Komponente (YouTube-Video) integriert wurde, wird der Internetbrowser auf dem informationstechnologischen System der betroffenen Person automatisch durch die jeweilige YouTube-Komponente veranlasst, eine Darstellung der entsprechenden YouTube-Komponente von YouTube herunterzuladen. Weitere Informationen zu YouTube k\u00f6nnen unter https:\/\/www.youtube.com\/yt\/about\/de\/ abgerufen werden. Im Rahmen dieses technischen Verfahrens erhalten YouTube und Google Kenntnis dar\u00fcber, welche konkrete Unterseite unserer Internetseite durch die betroffene Person besucht wird.<\/p>\n<p>Sofern die betroffene Person gleichzeitig bei YouTube eingeloggt ist, erkennt YouTube mit dem Aufruf einer Unterseite, die ein YouTube-Video enth\u00e4lt, welche konkrete Unterseite unserer Internetseite die betroffene Person besucht. Diese Informationen werden durch YouTube und Google gesammelt und dem jeweiligen YouTube-Account der betroffenen Person zugeordnet.<\/p>\n<p>YouTube und Google erhalten \u00fcber die YouTube-Komponente immer dann eine Information dar\u00fcber, dass die betroffene Person unsere Internetseite besucht hat, wenn die betroffene Person zum Zeitpunkt des Aufrufs unserer Internetseite gleichzeitig bei YouTube eingeloggt ist; dies findet unabh\u00e4ngig davon statt, ob die betroffene Person ein YouTube-Video anklickt oder nicht. Ist eine derartige \u00dcbermittlung dieser Informationen an YouTube und Google von der betroffenen Person nicht gewollt, kann diese die \u00dcbermittlung dadurch verhindern, dass sie sich vor einem Aufruf unserer Internetseite aus ihrem YouTube-Account ausloggt.<\/p>\n<p>Die von YouTube ver\u00f6ffentlichten Datenschutzbestimmungen, die unter https:\/\/www.google.de\/intl\/de\/policies\/privacy\/ abrufbar sind, geben Aufschluss \u00fcber die Erhebung, Verarbeitung und Nutzung personenbezogener Daten durch YouTube und Google.<\/p>\n<p><strong>Datenschutzerkl\u00e4rung f\u00fcr die Nutzung von Facebook-Plugins (Like-Button)<\/strong><br \/>\nAuf unseren Seiten sind Plugins des sozialen Netzwerks Facebook, Anbieter Facebook Inc., 1 Hacker Way, Menlo Park, California 94025, USA, integriert. Die Facebook-Plugins erkennen Sie an dem Facebook-Logo oder dem &#8222;Like-Button&#8220; (&#8222;Gef\u00e4llt mir&#8220;) auf unserer Seite. Eine \u00dcbersicht \u00fcber die Facebook-Plugins finden Sie hier: http:\/\/developers.facebook.com\/docs\/plugins\/.<br \/>\nWenn Sie unsere Seiten besuchen, wird \u00fcber das Plugin eine direkte Verbindung zwischen Ihrem Browser und dem Facebook-Server hergestellt. Facebook erh\u00e4lt dadurch die Information, dass Sie mit Ihrer IP-Adresse unsere Seite besucht haben. Wenn Sie den Facebook &#8222;Like-Button&#8220; anklicken w\u00e4hrend Sie in Ihrem Facebook-Account eingeloggt sind, k\u00f6nnen Sie die Inhalte unserer Seiten auf Ihrem Facebook-Profil verlinken. Dadurch<br \/>\nkann Facebook den Besuch unserer Seiten Ihrem Benutzerkonto zuordnen. Wir weisen darauf hin, dass wir als Anbieter der Seiten keine Kenntnis vom Inhalt der \u00fcbermittelten Daten sowie deren Nutzung durch Facebook erhalten. Weitere Informationen hierzu finden Sie in der Datenschutzerkl\u00e4rung von Facebook unter http:\/\/de-de.facebook.com\/policy.php.<br \/>\nWenn Sie nicht w\u00fcnschen, dass Facebook den Besuch unserer Seiten Ihrem Facebook-Nutzerkonto zuordnen kann, loggen Sie sich bitte aus Ihrem Facebook-Benutzerkonto aus.<\/p>\n<p><strong>SSL-Verschl\u00fcsselung<\/strong><br \/>\nDiese Seite nutzt aus Gr\u00fcnden der Sicherheit und zum Schutz der \u00dcbertragung vertraulicher Inhalte, wie zum Beispiel der Anfragen, die Sie an uns als Seitenbetreiber senden, eine SSL-Verschl\u00fcsselung. Eine verschl\u00fcsselte Verbindung erkennen Sie daran, dass die Adresszeile des Browsers von &#8222;http:\/\/&#8220; auf &#8222;https:\/\/&#8220; wechselt und an dem Schloss-Symbol in Ihrer Browserzeile. Wenn die SSL Verschl\u00fcsselung aktiviert ist, k\u00f6nnen die Daten, die Sie an uns \u00fcbermitteln, nicht von Dritten mitgelesen werden.<\/p>\n<\/div>\n<\/div>\n<\/div>\n<\/div>\n","protected":false},"excerpt":{"rendered":"<p>Grundlegendes Diese Datenschutzerkl\u00e4rung soll die Nutzer dieser Website \u00fcber die Art, den Umfang und den Zweck der Erhebung und Verwendung personenbezogener Daten durch den Websitebetreiber Matthias Schl\u00fcter\u00a0(Kontaktdaten siehe Impressum) informieren. Der Websitebetreiber nimmt Ihren Datenschutz sehr ernst und behandelt Ihre personenbezogenen Daten vertraulich und entsprechend der gesetzlichen Vorschriften. Da durch neue Technologien und die st\u00e4ndige [&hellip;]<\/p>\n","protected":false},"author":1,"featured_media":0,"parent":0,"menu_order":0,"comment_status":"closed","ping_status":"closed","template":"","meta":{"footnotes":""},"class_list":["post-1572","page","type-page","status-publish","czr-hentry"],"aioseo_notices":[],"_links":{"self":[{"href":"https:\/\/xxl-fen.de\/index.php?rest_route=\/wp\/v2\/pages\/1572","targetHints":{"allow":["GET"]}}],"collection":[{"href":"https:\/\/xxl-fen.de\/index.php?rest_route=\/wp\/v2\/pages"}],"about":[{"href":"https:\/\/xxl-fen.de\/index.php?rest_route=\/wp\/v2\/types\/page"}],"author":[{"embeddable":true,"href":"https:\/\/xxl-fen.de\/index.php?rest_route=\/wp\/v2\/users\/1"}],"replies":[{"embeddable":true,"href":"https:\/\/xxl-fen.de\/index.php?rest_route=%2Fwp%2Fv2%2Fcomments&post=1572"}],"version-history":[{"count":5,"href":"https:\/\/xxl-fen.de\/index.php?rest_route=\/wp\/v2\/pages\/1572\/revisions"}],"predecessor-version":[{"id":1582,"href":"https:\/\/xxl-fen.de\/index.php?rest_route=\/wp\/v2\/pages\/1572\/revisions\/1582"}],"wp:attachment":[{"href":"https:\/\/xxl-fen.de\/index.php?rest_route=%2Fwp%2Fv2%2Fmedia&parent=1572"}],"curies":[{"name":"wp","href":"https:\/\/api.w.org\/{rel}","templated":true}]}}