{"id":2,"date":"2016-05-10T03:48:21","date_gmt":"2016-05-10T01:48:21","guid":{"rendered":"http:\/\/xxl-fen.de\/?page_id=2"},"modified":"2025-03-31T16:28:05","modified_gmt":"2025-03-31T14:28:05","slug":"sample-page","status":"publish","type":"page","link":"https:\/\/xxl-fen.de\/?page_id=2","title":{"rendered":"Gallerie"},"content":{"rendered":"<p><a style=\"pointer-events: none;\" href=\"https:\/\/xxl-fen.de\/?page_id=1693\"><strong>Session 2025<\/strong><\/a><br \/>\n<strong>Thema<\/strong>: Djinny im Wunderland<br \/>\n<strong>T\u00e4nzer<\/strong>: Andreas Schwegmann, Hermann Thumann, Michael Ebermann, Daniel Pecnik, Guido Hoffmann, Janina Schleutker, Bernd Winkelnkemper, Christian Wolbeck, Sven Weigelt, Herbert Natrup, Jonas Wolbeck, Felix Mentrup, Andreas Seidel<br \/>\n<strong>Trainerinnen<\/strong>: Christine Kathrein, Sarena Sauermann<\/p>\n<p><a style=\"pointer-events: none;\" href=\"https:\/\/xxl-fen.de\/?page_id=1693\"><strong>Session 2024<\/strong><\/a><br \/>\n<strong>Thema<\/strong>: Jukebox Heroes<br \/>\n<strong>T\u00e4nzer<\/strong>: Andreas Schwegmann, Hermann Thumann, Georg Bohmann, Michael Ebermann, Daniel Pecnik, Guido Hoffmann, Janina Schleutker, Bernd Winkelnkemper, Christian Wolbeck, Sven Weigelt, Herbert Natrup, Andreas Westenberg, Jonas Wolbeck, Felix Mentrup, Andreas Seidel<br \/>\n<strong>Trainerinnen<\/strong>: Christine Kathrein, Sarena Sauermann<\/p>\n<p><a style=\"pointer-events: none;\" href=\"https:\/\/xxl-fen.de\/?page_id=1693\"><strong>Session 2023<\/strong><\/a><br \/>\n<strong>Thema<\/strong>: 20 Jahre XXL-fen<br \/>\n<strong>T\u00e4nzer<\/strong>: Andreas Schwegmann, Hermann Thumann, Georg Bohmann, Daniel Pecnik, Guido Hoffmann, Janina Schleutker, Bernd Winkelnkemper, Christian Wolbeck, Sven Weigelt, Herbert Natrup<br \/>\n<strong>Trainerinnen<\/strong>: Christine Kathrein, Sarena Sauermann<\/p>\n<p><a style=\"pointer-events: none;\" href=\"https:\/\/xxl-fen.de\/?page_id=1693\"><strong>Session 2022<\/strong><\/a><br \/>\n<strong>Thema<\/strong>: Session ausgefallen wegen Corono<br \/>\n<strong>T\u00e4nzer<\/strong>: Andreas Schwegmann, Andreas Westenberg, Michael Ebermann, Hermann Thumann, Georg Bohmann, Daniel Pecnik, Guido Hoffmann, Janina Schleutker, Bernd Unbehaun, Bernd Winkelnkemper, Christian Wolbeck, Sven Weigelt, Herbert Natrup<br \/>\n<strong>Trainerinnen<\/strong>: Christine Kathrein, Sarena Sauermann<\/p>\n<p><a style=\"pointer-events: none;\" href=\"https:\/\/xxl-fen.de\/?page_id=1693\"><strong>Session 2021<\/strong><\/a><br \/>\n<strong>Thema<\/strong>: Session ausgefallen wegen Corona<br \/>\n<strong>T\u00e4nzer<\/strong>: Andreas Schwegmann, Andreas Westenberg, Michael Ebermann, Hermann Thumann, Georg Bohmann, Daniel Pecnik, Guido Hoffmann, Janina Schleutker, Bernd Unbehaun, Bernd Winkelnkemper, Christian Wolbeck, Sven Weigelt, Herbert Natrup<br \/>\n<strong>Trainerinnen<\/strong>: Christine Kathrein, Sarena Sauermann<\/p>\n<p><a style=\"pointer-events: none;\" href=\"https:\/\/xxl-fen.de\/?page_id=1693\"><strong>Session 2020<\/strong><\/a><br \/>\n<strong>Thema<\/strong>: Superheros<br \/>\n<strong>T\u00e4nzer<\/strong>: Andreas Schwegmann, Andreas Westenberg, Michael Ebermann, Hermann Thumann, Georg Bohmann, Daniel Pecnik, Guido Hoffmann, Janina Schleutker, Bernd Unbehaun, Bernd Winkelnkemper, Christian Wolbeck, Sven Weigelt, Herbert Natrup<br \/>\n<strong>Trainerinnen<\/strong>: Christine Kathrein, Sarena Sauermann<\/p>\n<p><a style=\"pointer-events: none;\" href=\"https:\/\/xxl-fen.de\/?page_id=1688\"><strong>Session 2019<\/strong><\/a><br \/>\n<strong>Thema<\/strong>: Der Traum vom Superstar<br \/>\n<strong>T\u00e4nzer<\/strong>: Andreas Schwegmann, Andreas Westenberg, Michael Ebermann, Michael Breuer, Georg Bohmann, Daniel Pecnik, Guido Hoffmann, Janina Schleutker, Matthias Schl\u00fcter, Bernd Unbehaun, Bernd Winkelnkemper, Louis Winkelnkemper, Christian Wolbeck, Sven Weigelt<br \/>\n<strong>Trainerinnen<\/strong>: Christine Kathrein, Sarena Sauermann<\/p>\n<p><a style=\"pointer-events: none;\" href=\"https:\/\/xxl-fen.de\/?page_id=1487\"><strong>Session 2018<\/strong><\/a><br \/>\n<strong>Thema<\/strong>: Zeitreise (oder &#8222;Zur\u00fcck auf die B\u00fchne Janina&#8220;)<br \/>\n<strong>T\u00e4nzer<\/strong>: Andreas Schwegmann,\u00a0 Michael Ebermann, HermannThumann, Georg Bohmann, Daniel Pecnik, Guido Hoffmann, Bernd Unbehaun, Bernd Winkelnkemper, Christian Wolbeck, Janina Schleutker, Sven Weigelt<br \/>\n<strong>Trainerinnen<\/strong>: Christine Kathrein, Sarena Sauermann<\/p>\n<p><a style=\"pointer-events: none;\" href=\"https:\/\/xxl-fen.de\/?page_id=718\"><strong>Session 2017<\/strong><\/a><br \/>\n<strong>Thema<\/strong>: Der Weltraum<br \/>\n<strong>T\u00e4nzer<\/strong>: Andreas Schwegmann, Andreas Westenberg, Michael Ebermann, HermannThumann, Georg Bohmann, Daniel Pecnik, Guido Hoffmann, Heiner Hamsen, Bernd Unbehaun, Bernd Winkelnkemper, Christian Wolbeck<br \/>\n<strong>Trainerinnen<\/strong>: Christine Kathrein, Sarena Sauermann<\/p>\n<p><a style=\"pointer-events: none;\" href=\"https:\/\/xxl-fen.de\/?page_id=716\"><strong>Session 2016<\/strong><\/a><br \/>\n<strong>Thema<\/strong>: Heartbeat<br \/>\n<strong>T\u00e4nzer<\/strong>: Andreas Schwegmann, Michael Ebermann, Michael Breuer,Hermann Thumann, Georg Bohmann, Guido Hoffmann, Matthias Schl\u00fcter, Heiner Hamsen, Bernd Unbehaun, Bernd Winkelnkemper, Christian Wolbeck<br \/>\n<strong>Trainerinnen<\/strong>: Christine Kathrein, Sarena Sauermann<\/p>\n<p><a style=\"pointer-events: none;\" href=\"https:\/\/xxl-fen.de\/?page_id=714\"><strong>Session 2015<\/strong><\/a><br \/>\n<strong>Thema<\/strong>: Was Frauen w\u00fcnschen<br \/>\n<strong>T\u00e4nzer<\/strong>: Andreas Schwegmann, Andreas Westenberg, Michael Ebermann, Michael Breuer, Hermann Thumann, Georg Bohmann,\u00a0 Guido Hoffmann, Heiner Hamsen, Bernd Unbehaun, Bernd Winkelnkemper<br \/>\n<strong>Trainerinnen<\/strong>: Christine Kathrein, Sarena Sauermann<\/p>\n<p><a style=\"pointer-events: none;\" href=\"https:\/\/xxl-fen.de\/?page_id=712\"><strong>Session 2014<\/strong><\/a><br \/>\n<strong>Thema<\/strong>: Pirat<br \/>\n<strong>T\u00e4nzer<\/strong>: Bernd Unbehaun, Hermann Thumann, Michael Breuer, Bernd Winkelnkemper, Michael Ebermann, Andreas Westenberg, Andreas Schwegmann, Georg Bohmann, Heiner Hamsen, Matthias Schl\u00fcter<br \/>\n<strong>Trainerinnen<\/strong>: Christine Holtstiege, Sarena Sauermann<\/p>\n<p><a style=\"pointer-events: none;\" href=\"https:\/\/xxl-fen.de\/?page_id=710\"><strong>Session 2013<\/strong><\/a><br \/>\n<strong>Thema<\/strong>: Matadores<br \/>\n<strong>T\u00e4nzer<\/strong>: Bernd Unbehaun, Hermann Thumann, Michael Breuer, Bernd Winkelnkemper, Andreas Westenberg, Andreas Schwegmann, Georg Bohmann, Heiner Hamsen, Matthias Schl\u00fcter<br \/>\n<strong>Trainerinnen<\/strong>: Christine Holtstiege, Sarena Kaiser<\/p>\n<p><a style=\"pointer-events: none;\" href=\"https:\/\/xxl-fen.de\/?page_id=708\"><strong>Session 2012<\/strong><\/a><br \/>\n<strong>Thema<\/strong>: M\u00e4nner in den besten Jahren<br \/>\n<strong>T\u00e4nzer<\/strong>: Andreas Westenberg, Thomas Vogt, Bernd Unbehaun, Bernd Winkelnkemper, Matthias Schl\u00fcter, Andreas Schwegmann, Michael Breuer, Rolf Haves, Georg Bohmann, Hermann Thumann, Heiner Hamsen<br \/>\n<strong>Trainerinnen<\/strong>: Christine Holtstiege, Sarena Kaiser<\/p>\n<p><a style=\"pointer-events: none;\" href=\"https:\/\/xxl-fen.de\/?page_id=706\"><strong>Session 2011<\/strong><\/a><br \/>\n<strong>Thema<\/strong>: Hawaii<br \/>\n<strong>T\u00e4nzer<\/strong>: Rolf Haves, Bernd Unbehaun, Hermann Thumann, Michael Breuer, Georg Bohmann, Andreas Westenberg, Andreas Schwegmann, Heiner Hamsen, Matthias Schl\u00fcter, Thomas Vogt<br \/>\n<strong>Trainerinnen<\/strong>: Christine Holtstiege, Sarene Kaiser<\/p>\n<p><a style=\"pointer-events: none;\" href=\"https:\/\/xxl-fen.de\/?page_id=704\"><strong>Session 2010<\/strong><\/a><br \/>\n<strong>Thema<\/strong>: Pilot<br \/>\n<strong>T\u00e4nzer<\/strong>: Bernd Unbehaun, Olaf Schulte, Heiner Hamsen, Andreas Westenberg, Hippenmajor Andreas I. Schwegmann, Matthias Schl\u00fcter, Georg Bohmann, Rudolf Butzkies, Olaf Vogt<br \/>\n<strong>Trainerin<\/strong>: Christine Holtstiege<\/p>\n<p><a style=\"pointer-events: none;\" href=\"https:\/\/xxl-fen.de\/?page_id=702\"><strong>Session 2009<\/strong><\/a><br \/>\n<strong>Thema<\/strong>: Boxer<br \/>\n<strong>T\u00e4nzer<\/strong>: Georg Bohmann, Thomas Vogt, Heiner Hamsen, Matthias Schl\u00fcter, Olaf Schulte, Andreas Schwegmann, Hermann Thumann, Bernd Unbehaun<br \/>\n<strong>Trainerin<\/strong>: Christine Holtstiege, Ilona Natrup<\/p>\n<p><a style=\"pointer-events: none;\" href=\"https:\/\/xxl-fen.de\/?page_id=700\"><strong>Session 2008<\/strong><\/a><br \/>\n<strong>Thema<\/strong>: Seemann<br \/>\n<strong>T\u00e4nzer<\/strong>: Georg Bohmann, Thomas Vogt, Heiner Hamsen,\u00a0Rainer Mertens, Marcus M\u00f6ller, Olaf Schulte, Andreas Schwegmann,\u00a0Hermann Thumann, Bernd Unbehaun<br \/>\n<strong>Trainerinnen<\/strong>: Ilona Natrup<\/p>\n<p><a style=\"pointer-events: none;\" href=\"https:\/\/xxl-fen.de\/?page_id=698\"><strong>Session 2007<\/strong><\/a><br \/>\n<strong>Thema<\/strong>: Ein bisschen Rocker, ein wenig Pirat &#8230;aber definitiv mit\u00a0 coolen Sonnenbrillen.<br \/>\n<strong>T\u00e4nzer<\/strong>: Markus M\u00f6ller, Andreas Schwegmann, Rainer Mertens, Hermann Thumann, Georg Bohmann, Bernd Unbehaun, Markus Schulte, Rudolf Butzkies<br \/>\n<strong>Trainerinnen<\/strong>: Ilona Natrup, Christine Holtstiege<\/p>\n<p><a style=\"pointer-events: none;\" href=\"https:\/\/xxl-fen.de\/?page_id=693\"><strong>Session 2006<\/strong><\/a><br \/>\n<strong>Thema<\/strong>: Disco funky<br \/>\n<strong>T\u00e4nzer<\/strong>: Ilona Natrup<!--[endif]-->,\u00a0Christine Holtstiege<!--[endif]-->, Heiner Hamsen, Marcus M\u00f6ller,\u00a0 Andreas Schwegmann, Bernd Unbehaun,Georg Bohmann, Hermann Thumann, Rudolf Butzkies, Markus Schulte, Reiner Mertens<br \/>\n<strong>Trainerinnen<\/strong>: Ilona Natrup, Christine Holtstiege<\/p>\n<p><a style=\"pointer-events: none;\" href=\"https:\/\/xxl-fen.de\/?page_id=691\"><strong>Session 2005<\/strong><\/a><br \/>\n<strong>Thema<\/strong>: Cowboys<br \/>\n<strong>T\u00e4nzer<\/strong>: Heiner Hamsen, Bernd Unbehaun, Hermann Thumann, Andreas Schwegmann, Olaf Schulte,\u00a0 Markus Schulte, Reiner Mertens, Rudolf Butzkies, Georg Bohmann, Markus M\u00f6ller<br \/>\n<strong>Trainerinnen<\/strong>: Ilona Natrup, Christine Holtstiege<\/p>\n<p><a style=\"pointer-events: none;\" href=\"http:\/\/xxl-fen.de\"><strong>Session 2004<\/strong><\/a><br \/>\n<strong>Thema<\/strong>: nicht getanzt<br \/>\n<strong>T\u00e4nzer<\/strong>:<br \/>\n<strong>Trainerinnen<\/strong>: Ilona Natrup, Christine Holtstiege<\/p>\n<p><a style=\"pointer-events: none;\" href=\"https:\/\/xxl-fen.de\/?page_id=689\"><strong>Session 2003<\/strong><\/a><br \/>\n<strong>Thema<\/strong>: K\u00f6lle allaf&#8230;. keep your hat on boys&#8230;<br \/>\n<strong>T\u00e4nzer<\/strong>: Olaf Schulte, Andreas Schwegmann, Peter Paul Dreyer, Hermann Thumann, Heiner Hamsen, Rudolf Butzkies, Markus M\u00f6ller, Frank Schmeddinghoff, J\u00fcrgen Sieff, Rainer Mertens, Markus Schulte, Michael Aholt<br \/>\n<strong>Trainerinnen<\/strong>: Ilona Natrup, Christine Holtstiege<\/p>\n<p><strong><a style=\"pointer-events: none;\" href=\"https:\/\/xxl-fen.de\/?page_id=629\">Session 2002<\/a><br \/>\nThema<\/strong>: Soft Rocker<br \/>\n<strong>T\u00e4nzer<\/strong>: J\u00fcrgen Sieff, Andreas Schwegmann, Heiner Hamsen, Hermann Thumann, Markus Schulte, J\u00fcrgen Sieff, Peter Paul Dreyer, Olaf Schulte, Frank Schmeddinghoff, Markus M\u00f6ller, Michael Aholt, Rainer Mertens<br \/>\n<strong>Trainerinnen<\/strong>: Ilona Natrup, Christine Holtstiege<\/p>\n<p><strong><a style=\"pointer-events: none;\" href=\"https:\/\/xxl-fen.de\/?page_id=621\">Session 2001<\/a><br \/>\nThema<\/strong>: Elfengleich im zarten Tutu.<br \/>\n<strong>T\u00e4nzer<\/strong>: Olaf Schulte, Heiner Hamsen, Andreas Schwegmann, Rainer Mertens, Peter Paul Dreyer, Hermann Thumann, Markus Schulte, Markus Schmeddinghoff, J\u00fcrgen Sieff, Thomas Ulrich<br \/>\n<strong>Trainerinnen<\/strong>: Ilona Natrup, Christine Holtstiege<\/p>\n","protected":false},"excerpt":{"rendered":"<p>Session 2025 Thema: Djinny im Wunderland T\u00e4nzer: Andreas Schwegmann, Hermann Thumann, Michael Ebermann, Daniel Pecnik, Guido Hoffmann, Janina Schleutker, Bernd Winkelnkemper, Christian Wolbeck, Sven Weigelt, Herbert Natrup, Jonas Wolbeck, Felix Mentrup, Andreas Seidel Trainerinnen: Christine Kathrein, Sarena Sauermann Session 2024 Thema: Jukebox Heroes T\u00e4nzer: Andreas Schwegmann, Hermann Thumann, Georg Bohmann, Michael Ebermann, Daniel Pecnik, Guido [&hellip;]<\/p>\n","protected":false},"author":2,"featured_media":0,"parent":0,"menu_order":0,"comment_status":"closed","ping_status":"closed","template":"","meta":{"footnotes":""},"class_list":["post-2","page","type-page","status-publish","czr-hentry"],"aioseo_notices":[],"_links":{"self":[{"href":"https:\/\/xxl-fen.de\/index.php?rest_route=\/wp\/v2\/pages\/2","targetHints":{"allow":["GET"]}}],"collection":[{"href":"https:\/\/xxl-fen.de\/index.php?rest_route=\/wp\/v2\/pages"}],"about":[{"href":"https:\/\/xxl-fen.de\/index.php?rest_route=\/wp\/v2\/types\/page"}],"author":[{"embeddable":true,"href":"https:\/\/xxl-fen.de\/index.php?rest_route=\/wp\/v2\/users\/2"}],"replies":[{"embeddable":true,"href":"https:\/\/xxl-fen.de\/index.php?rest_route=%2Fwp%2Fv2%2Fcomments&post=2"}],"version-history":[{"count":76,"href":"https:\/\/xxl-fen.de\/index.php?rest_route=\/wp\/v2\/pages\/2\/revisions"}],"predecessor-version":[{"id":2178,"href":"https:\/\/xxl-fen.de\/index.php?rest_route=\/wp\/v2\/pages\/2\/revisions\/2178"}],"wp:attachment":[{"href":"https:\/\/xxl-fen.de\/index.php?rest_route=%2Fwp%2Fv2%2Fmedia&parent=2"}],"curies":[{"name":"wp","href":"https:\/\/api.w.org\/{rel}","templated":true}]}}