{"id":629,"date":"2017-03-19T12:48:23","date_gmt":"2017-03-19T11:48:23","guid":{"rendered":"http:\/\/xxl-fen.de\/?page_id=629"},"modified":"2020-11-22T13:58:56","modified_gmt":"2020-11-22T12:58:56","slug":"session-2002","status":"publish","type":"page","link":"https:\/\/xxl-fen.de\/?page_id=629","title":{"rendered":"Session 2002"},"content":{"rendered":"<p><strong>Thema<\/strong>: Soft Rocker<br \/>\n<strong>T\u00e4nzer<\/strong>: J\u00fcrgen Sieff, Andreas Schwegmann, Heiner Hamsen, Hermann Thumann, Markus Schulte, J\u00fcrgen Sieff, Peter Paul Dreyer, Olaf Schulte, Frank Schmeddinghoff, Markus M\u00f6ller, Michael Aholt, Rainer Mertens<br \/>\n<strong>Trainerinnen<\/strong>: Ilona Natrup, Christine Holtstiege<\/p>\n<div id=\"grid-gallery-15-8178\" data-gg-id=\"15\" data-title=\"Session 2002\" data-grid-type=\"0\" data-offset=\"5.3\" data-area-position=\"center\" data-icons=\"\" data-preloader=\"true\" data-width=\"250\" data-height=\"\" data-padding=\"0\" data-quicksand=\"disabled\" data-quicksand-duration=\"none\" data-popup-theme=\"theme_6\" data-popup-type=\"pretty-photo\" data-popup-image-text=\"data-description\" data-popup-widthsize=\"auto\" data-popup-heightsize=\"auto\" data-popup-i18n-words=\"{&quot;close&quot;:&quot;schlie\\u00dfen&quot;,&quot;next&quot;:&quot;n\\u00e4chste&quot;,&quot;previous&quot;:&quot;vorherige&quot;,&quot;start_slideshow&quot;:&quot;Starte Slideshow&quot;,&quot;stop_slideshow&quot;:&quot;Stoppe Slideshow&quot;,&quot;image&quot;:&quot;Bild&quot;,&quot;of&quot;:&quot;von&quot;,&quot;prev&quot;:&quot;vorherige&quot;,&quot;cExpand&quot;:&quot;Erweitere&quot;,&quot;cPrevious&quot;:&quot;Vorheriges&quot;,&quot;cNext&quot;:&quot;N\\u00e4chstes&quot;,&quot;cExpandStr&quot;:&quot;Erweitere Bild&quot;,&quot;cRotate&quot;:&quot;Rotate&quot;,&quot;cDetails&quot;:&quot;Details&quot;}\" data-popup-slideshow=\"false\" data-popup-slideshow-speed=\"2500\" data-popup-hoverstop=\"false\" data-popup-slideshow-auto=\"false\" data-popup-background=\"\" data-popup-transparency=\"30\" data-popup-disable-history=\"\" data-popup-disable-changed-url=\"\" data-popup-border-type=\"\" data-popup-border-color=\"\" data-popup-border-width=\"\" data-popup-border-enable=\"\" data-fullscreen=\"false\" data-hide-tooltip=\"false\" data-caption-font-family=\"Default\" data-caption-text-size=\"140\" data-is-mobile=\"0\" data-caption-mobile=\"false\" data-hide-long-tltp-title=\"0\" data-caption-disabled-on-mobile=\"false\" data-popup-placement-type=\"0\" data-social-sharing=\"{&quot;enabled&quot;:&quot;&quot;,&quot;gallerySharing&quot;:{&quot;enabled&quot;:null,&quot;position&quot;:null},&quot;imageSharing&quot;:{&quot;enabled&quot;:null,&quot;wrapperClass&quot;:&quot; vertical &quot;},&quot;popupSharing&quot;:{&quot;enabled&quot;:null,&quot;wrapperClass&quot;:&quot; vertical &quot;}}\" class=\"grid-gallery grid-gallery-fixed \" style=\" width:100%; height:auto; margin-left:auto; margin-right:auto;position:relative;\"> <div class=\"gallery-loading\"> <div class=\"blocks\"> <div class=\"block\"><\/div> <div class=\"block\"><\/div> <div class=\"block\"><\/div> <div class=\"block\"><\/div> <\/div> <\/div> <div class=\"gallery-sharing-top\" style=\"display:none;\"> <\/div> <div id=\"photos-15\" class=\"grid-gallery-photos\"><FIGURE class=\"grid-gallery-caption\" data-grid-gallery-type=\"quarter-slide-up\" data-index=\"0\" style=\"display:none;border-radius:00;; margin:5.3px; width:2500;\" ><div class=\"crop\" style=\" width:2500; height:0; overflow:hidden;\"><img decoding=\"async\" src=\"https:\/\/xxl-fen.de\/wp-content\/uploads\/2017\/03\/XXL-fen_2002_04-250x163.jpg\" class=\"ggImg\" alt=\"XXL-fen_2002_04\" title=\"XXL-fen_2002_04\" data-description=\"XXL-fen_2002_04\" data-caption=\"Session 2002\" data-title=\"XXL-fen_2002_04\" style=\" width:250px;\" \/><\/div><FIGCAPTION class=\"\" data-alpha=\"5\" style=\"color:#ffffff; background-color:#6f0000; font-size:140; text-align:left; font-family:Default;\" ><div class=\"grid-gallery-figcaption-wrap\" style=\"\"><\/div><\/FIGCAPTION><\/FIGURE><FIGURE class=\"grid-gallery-caption\" data-grid-gallery-type=\"quarter-slide-up\" data-index=\"1\" style=\"display:none;border-radius:00;; margin:5.3px; width:2500;\" ><div class=\"crop\" style=\" width:2500; height:0; overflow:hidden;\"><img decoding=\"async\" src=\"https:\/\/xxl-fen.de\/wp-content\/uploads\/2017\/03\/XXL-fen_2002_05-250x163.jpg\" class=\"ggImg\" alt=\"XXL-fen_2002_05\" title=\"XXL-fen_2002_05\" data-description=\"XXL-fen_2002_05\" data-caption=\"Session 2002\" data-title=\"XXL-fen_2002_05\" style=\" width:250px;\" \/><\/div><FIGCAPTION class=\"\" data-alpha=\"5\" style=\"color:#ffffff; background-color:#6f0000; font-size:140; text-align:left; font-family:Default;\" ><div class=\"grid-gallery-figcaption-wrap\" style=\"\"><\/div><\/FIGCAPTION><\/FIGURE><FIGURE class=\"grid-gallery-caption\" data-grid-gallery-type=\"quarter-slide-up\" data-index=\"2\" style=\"display:none;border-radius:00;; margin:5.3px; width:2500;\" ><div class=\"crop\" style=\" width:2500; height:0; overflow:hidden;\"><img decoding=\"async\" src=\"https:\/\/xxl-fen.de\/wp-content\/uploads\/2017\/03\/XXL-fen_2002_03-250x163.jpg\" class=\"ggImg\" alt=\"XXL-fen_2002_03\" title=\"XXl-fen in der Session 2002\" data-description=\"XXl-fen in der Session 2002\" data-caption=\"Session 2002\" data-title=\"XXL-fen_2002_03\" style=\" width:250px;\" \/><\/div><FIGCAPTION class=\"\" data-alpha=\"5\" style=\"color:#ffffff; background-color:#6f0000; font-size:140; text-align:left; font-family:Default;\" ><div class=\"grid-gallery-figcaption-wrap\" style=\"\"><\/div><\/FIGCAPTION><\/FIGURE><FIGURE class=\"grid-gallery-caption\" data-grid-gallery-type=\"quarter-slide-up\" data-index=\"3\" style=\"display:none;border-radius:00;; margin:5.3px; width:2500;\" ><div class=\"crop\" style=\" width:2500; height:0; overflow:hidden;\"><img decoding=\"async\" src=\"https:\/\/xxl-fen.de\/wp-content\/uploads\/2017\/03\/XXL-fen_2002_02-250x163.jpg\" class=\"ggImg\" alt=\"XXL-fen_2002_02\" title=\"XXL-fen_2002_02\" data-description=\"XXL-fen_2002_02\" data-caption=\"Session 2002\" data-title=\"XXL-fen_2002_02\" style=\" width:250px;\" \/><\/div><FIGCAPTION class=\"\" data-alpha=\"5\" style=\"color:#ffffff; background-color:#6f0000; font-size:140; text-align:left; font-family:Default;\" ><div class=\"grid-gallery-figcaption-wrap\" style=\"\"><\/div><\/FIGCAPTION><\/FIGURE><FIGURE class=\"grid-gallery-caption\" data-grid-gallery-type=\"quarter-slide-up\" data-index=\"4\" style=\"display:none;border-radius:00;; margin:5.3px; width:2500;\" ><div class=\"crop\" style=\" width:2500; height:0; overflow:hidden;\"><img decoding=\"async\" src=\"https:\/\/xxl-fen.de\/wp-content\/uploads\/2017\/03\/XXL-fen_2002_01-250x163.jpg\" class=\"ggImg\" alt=\"Session 2002\" title=\"XXL-fen in der Session 2002\" data-description=\"XXL-fen in der Session 2002\" data-caption=\"Session 2002\" data-title=\"XXL-fen_2002_01\" style=\" width:250px;\" \/><\/div><FIGCAPTION class=\"\" data-alpha=\"5\" style=\"color:#ffffff; background-color:#6f0000; font-size:140; text-align:left; font-family:Default;\" ><div class=\"grid-gallery-figcaption-wrap\" style=\"\"><\/div><\/FIGCAPTION><\/FIGURE> <div class=\"grid-gallery-clearfix\"><\/div> <\/div> <div class=\"gallery-sharing-bottom\" style=\"display:none;\"> <\/div> <div class=\"gallery-sharing-image\" style=\"display:none;\"> <\/div> <div class=\"gallery-sharing-popup\" style=\"display:none;\"> <\/div> <div class=\"grid-gallery-clearfix\"><\/div> <\/div> <!-- Gallery by Supsystic plugin1.15.25 --><a title=\"Gallery Wordpress\" style=\"display:none;\" href=\"https:\/\/supsystic.com\/plugins\/photo-gallery\/?utm_medium=love_link\" target=\"_blank\">Gallery Wordpress<\/a>\n","protected":false},"excerpt":{"rendered":"<p>Thema: Soft Rocker T\u00e4nzer: J\u00fcrgen Sieff, Andreas Schwegmann, Heiner Hamsen, Hermann Thumann, Markus Schulte, J\u00fcrgen Sieff, Peter Paul Dreyer, Olaf Schulte, Frank Schmeddinghoff, Markus M\u00f6ller, Michael Aholt, Rainer Mertens Trainerinnen: Ilona Natrup, Christine Holtstiege<\/p>\n","protected":false},"author":2,"featured_media":0,"parent":2,"menu_order":0,"comment_status":"closed","ping_status":"closed","template":"","meta":{"footnotes":""},"class_list":["post-629","page","type-page","status-publish","czr-hentry"],"aioseo_notices":[],"_links":{"self":[{"href":"https:\/\/xxl-fen.de\/index.php?rest_route=\/wp\/v2\/pages\/629","targetHints":{"allow":["GET"]}}],"collection":[{"href":"https:\/\/xxl-fen.de\/index.php?rest_route=\/wp\/v2\/pages"}],"about":[{"href":"https:\/\/xxl-fen.de\/index.php?rest_route=\/wp\/v2\/types\/page"}],"author":[{"embeddable":true,"href":"https:\/\/xxl-fen.de\/index.php?rest_route=\/wp\/v2\/users\/2"}],"replies":[{"embeddable":true,"href":"https:\/\/xxl-fen.de\/index.php?rest_route=%2Fwp%2Fv2%2Fcomments&post=629"}],"version-history":[{"count":3,"href":"https:\/\/xxl-fen.de\/index.php?rest_route=\/wp\/v2\/pages\/629\/revisions"}],"predecessor-version":[{"id":1902,"href":"https:\/\/xxl-fen.de\/index.php?rest_route=\/wp\/v2\/pages\/629\/revisions\/1902"}],"up":[{"embeddable":true,"href":"https:\/\/xxl-fen.de\/index.php?rest_route=\/wp\/v2\/pages\/2"}],"wp:attachment":[{"href":"https:\/\/xxl-fen.de\/index.php?rest_route=%2Fwp%2Fv2%2Fmedia&parent=629"}],"curies":[{"name":"wp","href":"https:\/\/api.w.org\/{rel}","templated":true}]}}