{"id":653,"date":"2017-03-19T16:24:18","date_gmt":"2017-03-19T15:24:18","guid":{"rendered":"http:\/\/xxl-fen.de\/?page_id=653"},"modified":"2025-02-11T11:45:20","modified_gmt":"2025-02-11T10:45:20","slug":"wir","status":"publish","type":"page","link":"https:\/\/xxl-fen.de\/?page_id=653","title":{"rendered":"XXL-fen, das sind&#8230;"},"content":{"rendered":"<p>&#8230;zwei bezaubernde Trainerinnen und ein bunter Haufen von M\u00e4nnern aller Altersgruppen. Die XXL-fen begannen im Jahr 2000 unter der Leitung von Christine und Ilona zu trainieren, basierend auf der Initiative von Andreas Schwegmann und Peter Paul Dreyer, die das M\u00e4nnerballett Dasein in Wolbeck wiederbelebten. Seit nun \u00fcber 20 Jahren kamen immer wieder neue T\u00e4nzer hinzu und einige mussten aus verschiedenen Gr\u00fcnden schweren Herzens aufh\u00f6ren:<\/p>\n<p><strong>Trainerinnen<\/strong><\/p>\n<ul>\n<li>Christine Kathrein 2025-2001<\/li>\n<li>Sarena Sauermann 2025-2011<\/li>\n<\/ul>\n<p><img loading=\"lazy\" decoding=\"async\" class=\"alignright wp-image-1232\" src=\"http:\/\/xxl-fen.de\/wp-content\/uploads\/2017\/03\/Trainerinnen2-873x1024.png\" alt=\"Trainerinnen\" width=\"452\" height=\"530\" srcset=\"https:\/\/xxl-fen.de\/wp-content\/uploads\/2017\/03\/Trainerinnen2-873x1024.png 873w, https:\/\/xxl-fen.de\/wp-content\/uploads\/2017\/03\/Trainerinnen2-256x300.png 256w, https:\/\/xxl-fen.de\/wp-content\/uploads\/2017\/03\/Trainerinnen2-768x901.png 768w, https:\/\/xxl-fen.de\/wp-content\/uploads\/2017\/03\/Trainerinnen2.png 1022w\" sizes=\"auto, (max-width: 452px) 100vw, 452px\" \/><\/p>\n<p><strong>T\u00e4nzer<\/strong> (Auftritte)<\/p>\n<ul>\n<li>Andreas Schwegmann (21) 2025-2001<\/li>\n<li>Hermann Thumann (20) 2025-2001<\/li>\n<li>Bernd Winkelnkemper (11) 2025-2012<\/li>\n<li>Michael Ebermann (10) 2025-2013<\/li>\n<li>Guido Hoffmann (8) 2025-2015<\/li>\n<li>Christian Wolbeck (8) 2025-2015<\/li>\n<li>Daniel Pecnik (6) 2025-2017<\/li>\n<li>Janina Schleutker (5) 2025-2018<\/li>\n<li>Sven Weigelt (5) 2025-2018<\/li>\n<li>Herbert Natrup (3) 2025-2020<\/li>\n<li>Andreas Seidel (2) 2025 &#8211; 2024<\/li>\n<li>Jonas Wolbeck (2) 2025 &#8211; 2024<\/li>\n<li>Felix Mentrup (2) 2025 &#8211; 2024<\/li>\n<\/ul>\n<p><strong>Ehemalige XXL-fen und Trainerin<\/strong><\/p>\n<ul>\n<li>Ilona Natrup 2010-2001<\/li>\n<li>Heiner Hamsen (16) 2017-2001<\/li>\n<li>Bernd Unbehaun(16) 2020-2005<\/li>\n<li>Olaf Schulte (7) 2010-2001<\/li>\n<li>Reiner Mertens (5) 2008-2001<\/li>\n<li>Peter Paul Dreyer (3) 2004-2001<\/li>\n<li>Frank Schmeddinghoff (2) 2003-2002<\/li>\n<li>Markus M\u00f6ller (5) 2008-2002<\/li>\n<li>Markus Schulte (2) 2005-2002<\/li>\n<li>J\u00fcrgen Sieff (3) 2003 &#8211; 2001<\/li>\n<li>Thomas Ulrich (1) 2001<\/li>\n<li>Michael Aholt (2) 2003-2002<\/li>\n<li>Rudolf Butzkies (4) 2010-2003<\/li>\n<li>Thomas Vogt (4) 2012-2008<\/li>\n<li>Rolf Haves (2) 2013-2012<\/li>\n<li>Michael Breuer (9) 2020-2011<\/li>\n<li>Matthias Schl\u00fcter (8) 2020-2009<\/li>\n<li>Georg Bohmann (17) 2024-2005<\/li>\n<li>Andreas Westenberg (10) 2024-2010<\/li>\n<li>Luis Winkelnkemper (2) 2020-2019<\/li>\n<\/ul>\n","protected":false},"excerpt":{"rendered":"<p>&#8230;zwei bezaubernde Trainerinnen und ein bunter Haufen von M\u00e4nnern aller Altersgruppen. Die XXL-fen begannen im Jahr 2000 unter der Leitung von Christine und Ilona zu trainieren, basierend auf der Initiative von Andreas Schwegmann und Peter Paul Dreyer, die das M\u00e4nnerballett Dasein in Wolbeck wiederbelebten. Seit nun \u00fcber 20 Jahren kamen immer wieder neue T\u00e4nzer hinzu [&hellip;]<\/p>\n","protected":false},"author":2,"featured_media":2120,"parent":0,"menu_order":0,"comment_status":"closed","ping_status":"closed","template":"","meta":{"footnotes":""},"class_list":["post-653","page","type-page","status-publish","has-post-thumbnail","czr-hentry"],"aioseo_notices":[],"_links":{"self":[{"href":"https:\/\/xxl-fen.de\/index.php?rest_route=\/wp\/v2\/pages\/653","targetHints":{"allow":["GET"]}}],"collection":[{"href":"https:\/\/xxl-fen.de\/index.php?rest_route=\/wp\/v2\/pages"}],"about":[{"href":"https:\/\/xxl-fen.de\/index.php?rest_route=\/wp\/v2\/types\/page"}],"author":[{"embeddable":true,"href":"https:\/\/xxl-fen.de\/index.php?rest_route=\/wp\/v2\/users\/2"}],"replies":[{"embeddable":true,"href":"https:\/\/xxl-fen.de\/index.php?rest_route=%2Fwp%2Fv2%2Fcomments&post=653"}],"version-history":[{"count":46,"href":"https:\/\/xxl-fen.de\/index.php?rest_route=\/wp\/v2\/pages\/653\/revisions"}],"predecessor-version":[{"id":2131,"href":"https:\/\/xxl-fen.de\/index.php?rest_route=\/wp\/v2\/pages\/653\/revisions\/2131"}],"wp:featuredmedia":[{"embeddable":true,"href":"https:\/\/xxl-fen.de\/index.php?rest_route=\/wp\/v2\/media\/2120"}],"wp:attachment":[{"href":"https:\/\/xxl-fen.de\/index.php?rest_route=%2Fwp%2Fv2%2Fmedia&parent=653"}],"curies":[{"name":"wp","href":"https:\/\/api.w.org\/{rel}","templated":true}]}}